{"id":6475,"date":"2025-06-23T14:59:47","date_gmt":"2025-06-23T12:59:47","guid":{"rendered":"https:\/\/shoptonmatos.fr\/?post_type=product&#038;p=6475"},"modified":"2025-11-23T15:59:39","modified_gmt":"2025-11-23T14:59:39","slug":"pack-special-tatoue-moussebaume","status":"publish","type":"product","link":"https:\/\/shoptonmatos.fr\/index.php\/produit\/pack-special-tatoue-moussebaume\/","title":{"rendered":"Pack sp\u00e9cial tatou\u00e9 (Mousse+baume)"},"content":{"rendered":"<p class=\"p1\">Ce produits est con\u00e7u pour les tatoueurs et pro shops qui souhaitent proposer \u00e0 leurs clients une solution de soin haut de gamme et compl\u00e8te apr\u00e8s tatouage.<\/p>\n<p class=\"p1\">Il contient Baume + Mousse, pour une prise en charge compl\u00e8te de la cicatrisation et du confort de la peau tatou\u00e9e.<\/p>\n<p class=\"p1\">Id\u00e9al pour les studios souhaitant vendre en boutique ou offrir \u00e0 leurs clients un soin qualitatif et certifi\u00e9.<\/p>\n<p>Contenance:<\/p>\n<p>Baune 30 ml<\/p>\n<p>Mousse 50ml<\/p>\n","protected":false},"excerpt":{"rendered":"<p>Ce produits est con\u00e7u pour les tatoueurs et pro shops qui souhaitent proposer \u00e0 leurs clients une solution de soin haut de gamme et compl\u00e8te apr\u00e8s tatouage. Il contient Baume + Mousse, pour une prise en charge compl\u00e8te de la cicatrisation et du confort de la peau tatou\u00e9e. Id\u00e9al pour les studios souhaitant vendre en boutique ou offrir \u00e0 leurs clients un soin qualitatif et certifi\u00e9. Contenance: Baune 30 ml Mousse 50ml<\/p>\n","protected":false},"featured_media":6469,"template":"","meta":{"ocean_post_layout":"","ocean_both_sidebars_style":"","ocean_both_sidebars_content_width":0,"ocean_both_sidebars_sidebars_width":0,"ocean_sidebar":"0","ocean_second_sidebar":"0","ocean_disable_margins":"enable","ocean_add_body_class":"","ocean_shortcode_before_top_bar":"","ocean_shortcode_after_top_bar":"","ocean_shortcode_before_header":"","ocean_shortcode_after_header":"","ocean_has_shortcode":"","ocean_shortcode_after_title":"","ocean_shortcode_before_footer_widgets":"","ocean_shortcode_after_footer_widgets":"","ocean_shortcode_before_footer_bottom":"","ocean_shortcode_after_footer_bottom":"","ocean_display_top_bar":"default","ocean_display_header":"default","ocean_header_style":"","ocean_center_header_left_menu":"0","ocean_custom_header_template":"0","ocean_custom_logo":0,"ocean_custom_retina_logo":0,"ocean_custom_logo_max_width":0,"ocean_custom_logo_tablet_max_width":0,"ocean_custom_logo_mobile_max_width":0,"ocean_custom_logo_max_height":0,"ocean_custom_logo_tablet_max_height":0,"ocean_custom_logo_mobile_max_height":0,"ocean_header_custom_menu":"0","ocean_menu_typo_font_family":"0","ocean_menu_typo_font_subset":"","ocean_menu_typo_font_size":0,"ocean_menu_typo_font_size_tablet":0,"ocean_menu_typo_font_size_mobile":0,"ocean_menu_typo_font_size_unit":"px","ocean_menu_typo_font_weight":"","ocean_menu_typo_font_weight_tablet":"","ocean_menu_typo_font_weight_mobile":"","ocean_menu_typo_transform":"","ocean_menu_typo_transform_tablet":"","ocean_menu_typo_transform_mobile":"","ocean_menu_typo_line_height":0,"ocean_menu_typo_line_height_tablet":0,"ocean_menu_typo_line_height_mobile":0,"ocean_menu_typo_line_height_unit":"","ocean_menu_typo_spacing":0,"ocean_menu_typo_spacing_tablet":0,"ocean_menu_typo_spacing_mobile":0,"ocean_menu_typo_spacing_unit":"","ocean_menu_link_color":"","ocean_menu_link_color_hover":"","ocean_menu_link_color_active":"","ocean_menu_link_background":"","ocean_menu_link_hover_background":"","ocean_menu_link_active_background":"","ocean_menu_social_links_bg":"","ocean_menu_social_hover_links_bg":"","ocean_menu_social_links_color":"","ocean_menu_social_hover_links_color":"","ocean_disable_title":"default","ocean_disable_heading":"default","ocean_post_title":"","ocean_post_subheading":"","ocean_post_title_style":"","ocean_post_title_background_color":"","ocean_post_title_background":0,"ocean_post_title_bg_image_position":"","ocean_post_title_bg_image_attachment":"","ocean_post_title_bg_image_repeat":"","ocean_post_title_bg_image_size":"","ocean_post_title_height":0,"ocean_post_title_bg_overlay":0.5,"ocean_post_title_bg_overlay_color":"","ocean_disable_breadcrumbs":"default","ocean_breadcrumbs_color":"","ocean_breadcrumbs_separator_color":"","ocean_breadcrumbs_links_color":"","ocean_breadcrumbs_links_hover_color":"","ocean_display_footer_widgets":"default","ocean_display_footer_bottom":"default","ocean_custom_footer_template":"0"},"product_brand":[],"product_cat":[66],"product_tag":[],"class_list":{"0":"post-6475","1":"product","2":"type-product","3":"status-publish","4":"has-post-thumbnail","6":"product_cat-soins","8":"entry","9":"has-media","11":"first","12":"instock","13":"taxable","14":"shipping-taxable","15":"purchasable","16":"product-type-simple","17":"col","18":"span_1_of_4","19":"owp-content-left","20":"item-entry","21":"owp-thumbs-layout-horizontal","22":"owp-btn-big","23":"owp-tabs-layout-horizontal"},"_links":{"self":[{"href":"https:\/\/shoptonmatos.fr\/index.php\/wp-json\/wp\/v2\/product\/6475","targetHints":{"allow":["GET"]}}],"collection":[{"href":"https:\/\/shoptonmatos.fr\/index.php\/wp-json\/wp\/v2\/product"}],"about":[{"href":"https:\/\/shoptonmatos.fr\/index.php\/wp-json\/wp\/v2\/types\/product"}],"wp:featuredmedia":[{"embeddable":true,"href":"https:\/\/shoptonmatos.fr\/index.php\/wp-json\/wp\/v2\/media\/6469"}],"wp:attachment":[{"href":"https:\/\/shoptonmatos.fr\/index.php\/wp-json\/wp\/v2\/media?parent=6475"}],"wp:term":[{"taxonomy":"product_brand","embeddable":true,"href":"https:\/\/shoptonmatos.fr\/index.php\/wp-json\/wp\/v2\/product_brand?post=6475"},{"taxonomy":"product_cat","embeddable":true,"href":"https:\/\/shoptonmatos.fr\/index.php\/wp-json\/wp\/v2\/product_cat?post=6475"},{"taxonomy":"product_tag","embeddable":true,"href":"https:\/\/shoptonmatos.fr\/index.php\/wp-json\/wp\/v2\/product_tag?post=6475"}],"curies":[{"name":"wp","href":"https:\/\/api.w.org\/{rel}","templated":true}]}}