{"id":6467,"date":"2025-06-23T14:33:22","date_gmt":"2025-06-23T12:33:22","guid":{"rendered":"https:\/\/shoptonmatos.fr\/?post_type=product&#038;p=6467"},"modified":"2025-11-23T15:59:39","modified_gmt":"2025-11-23T14:59:39","slug":"baume-fmbt-gold-200-ml","status":"publish","type":"product","link":"https:\/\/shoptonmatos.fr\/index.php\/produit\/baume-fmbt-gold-200-ml\/","title":{"rendered":"Baume FMBT GOLD (200 ml)"},"content":{"rendered":"<p class=\"p3\"><b>Sublimez votre art avec l\u2019excellence d\u2019une nouvelle formule bio, vegan et ultra-performante.<\/b><\/p>\n<p class=\"p6\">D\u00e9couvrez la nouvelle formule exclusive de la\u00a0<span class=\"s2\"><b>Gamme GOLD<\/b><\/span> FMBT. Plus riche, plus douce et plus performante, elle a \u00e9t\u00e9 con\u00e7ue pour accompagner les tatoueurs professionnels dans l\u2019excellence de leur travail.Ce baume est l\u2019outil id\u00e9al pour toutes les \u00e9tapes du tatouage : pendant, apr\u00e8s et pour l\u2019entretien au quotidien.<\/p>\n<p class=\"p6\"><strong>Nouvelle formule enrichie<\/strong><strong> :<\/strong><\/p>\n<ul>\n<li class=\"p6\">74,7% d\u2019ingr\u00e9dients issus de l\u2019agriculture biologique<\/li>\n<li class=\"p6\">Fabriqu\u00e9 en France<\/li>\n<li class=\"p6\">Test\u00e9 dermatologiquement<\/li>\n<li class=\"p6\">100% d\u2019origine naturelle &amp; vegan<\/li>\n<\/ul>\n","protected":false},"excerpt":{"rendered":"<p>Sublimez votre art avec l\u2019excellence d\u2019une nouvelle formule bio, vegan et ultra-performante. D\u00e9couvrez la nouvelle formule exclusive de la\u00a0Gamme GOLD FMBT. Plus riche, plus douce et plus performante, elle a \u00e9t\u00e9 con\u00e7ue pour accompagner les tatoueurs professionnels dans l\u2019excellence de leur travail.Ce baume est l\u2019outil id\u00e9al pour toutes les \u00e9tapes du tatouage : pendant, apr\u00e8s et pour l\u2019entretien au quotidien. Nouvelle formule enrichie : 74,7% d\u2019ingr\u00e9dients issus de l\u2019agriculture biologique Fabriqu\u00e9 en France Test\u00e9 dermatologiquement 100% d\u2019origine naturelle &amp; vegan<\/p>\n","protected":false},"featured_media":6468,"template":"","meta":{"ocean_post_layout":"","ocean_both_sidebars_style":"","ocean_both_sidebars_content_width":0,"ocean_both_sidebars_sidebars_width":0,"ocean_sidebar":"0","ocean_second_sidebar":"0","ocean_disable_margins":"enable","ocean_add_body_class":"","ocean_shortcode_before_top_bar":"","ocean_shortcode_after_top_bar":"","ocean_shortcode_before_header":"","ocean_shortcode_after_header":"","ocean_has_shortcode":"","ocean_shortcode_after_title":"","ocean_shortcode_before_footer_widgets":"","ocean_shortcode_after_footer_widgets":"","ocean_shortcode_before_footer_bottom":"","ocean_shortcode_after_footer_bottom":"","ocean_display_top_bar":"default","ocean_display_header":"default","ocean_header_style":"","ocean_center_header_left_menu":"0","ocean_custom_header_template":"0","ocean_custom_logo":0,"ocean_custom_retina_logo":0,"ocean_custom_logo_max_width":0,"ocean_custom_logo_tablet_max_width":0,"ocean_custom_logo_mobile_max_width":0,"ocean_custom_logo_max_height":0,"ocean_custom_logo_tablet_max_height":0,"ocean_custom_logo_mobile_max_height":0,"ocean_header_custom_menu":"0","ocean_menu_typo_font_family":"0","ocean_menu_typo_font_subset":"","ocean_menu_typo_font_size":0,"ocean_menu_typo_font_size_tablet":0,"ocean_menu_typo_font_size_mobile":0,"ocean_menu_typo_font_size_unit":"px","ocean_menu_typo_font_weight":"","ocean_menu_typo_font_weight_tablet":"","ocean_menu_typo_font_weight_mobile":"","ocean_menu_typo_transform":"","ocean_menu_typo_transform_tablet":"","ocean_menu_typo_transform_mobile":"","ocean_menu_typo_line_height":0,"ocean_menu_typo_line_height_tablet":0,"ocean_menu_typo_line_height_mobile":0,"ocean_menu_typo_line_height_unit":"","ocean_menu_typo_spacing":0,"ocean_menu_typo_spacing_tablet":0,"ocean_menu_typo_spacing_mobile":0,"ocean_menu_typo_spacing_unit":"","ocean_menu_link_color":"","ocean_menu_link_color_hover":"","ocean_menu_link_color_active":"","ocean_menu_link_background":"","ocean_menu_link_hover_background":"","ocean_menu_link_active_background":"","ocean_menu_social_links_bg":"","ocean_menu_social_hover_links_bg":"","ocean_menu_social_links_color":"","ocean_menu_social_hover_links_color":"","ocean_disable_title":"default","ocean_disable_heading":"default","ocean_post_title":"","ocean_post_subheading":"","ocean_post_title_style":"","ocean_post_title_background_color":"","ocean_post_title_background":0,"ocean_post_title_bg_image_position":"","ocean_post_title_bg_image_attachment":"","ocean_post_title_bg_image_repeat":"","ocean_post_title_bg_image_size":"","ocean_post_title_height":0,"ocean_post_title_bg_overlay":0.5,"ocean_post_title_bg_overlay_color":"","ocean_disable_breadcrumbs":"default","ocean_breadcrumbs_color":"","ocean_breadcrumbs_separator_color":"","ocean_breadcrumbs_links_color":"","ocean_breadcrumbs_links_hover_color":"","ocean_display_footer_widgets":"default","ocean_display_footer_bottom":"default","ocean_custom_footer_template":"0"},"product_brand":[],"product_cat":[65,66,63],"product_tag":[],"class_list":{"0":"post-6467","1":"product","2":"type-product","3":"status-publish","4":"has-post-thumbnail","6":"product_cat-hygiene","7":"product_cat-soins","8":"product_cat-consommables","10":"entry","11":"has-media","13":"first","14":"outofstock","15":"taxable","16":"shipping-taxable","17":"purchasable","18":"product-type-simple","19":"col","20":"span_1_of_4","21":"owp-content-left","22":"item-entry","23":"owp-thumbs-layout-horizontal","24":"owp-btn-big","25":"owp-tabs-layout-horizontal"},"_links":{"self":[{"href":"https:\/\/shoptonmatos.fr\/index.php\/wp-json\/wp\/v2\/product\/6467","targetHints":{"allow":["GET"]}}],"collection":[{"href":"https:\/\/shoptonmatos.fr\/index.php\/wp-json\/wp\/v2\/product"}],"about":[{"href":"https:\/\/shoptonmatos.fr\/index.php\/wp-json\/wp\/v2\/types\/product"}],"wp:featuredmedia":[{"embeddable":true,"href":"https:\/\/shoptonmatos.fr\/index.php\/wp-json\/wp\/v2\/media\/6468"}],"wp:attachment":[{"href":"https:\/\/shoptonmatos.fr\/index.php\/wp-json\/wp\/v2\/media?parent=6467"}],"wp:term":[{"taxonomy":"product_brand","embeddable":true,"href":"https:\/\/shoptonmatos.fr\/index.php\/wp-json\/wp\/v2\/product_brand?post=6467"},{"taxonomy":"product_cat","embeddable":true,"href":"https:\/\/shoptonmatos.fr\/index.php\/wp-json\/wp\/v2\/product_cat?post=6467"},{"taxonomy":"product_tag","embeddable":true,"href":"https:\/\/shoptonmatos.fr\/index.php\/wp-json\/wp\/v2\/product_tag?post=6467"}],"curies":[{"name":"wp","href":"https:\/\/api.w.org\/{rel}","templated":true}]}}