{"id":6100,"date":"2024-09-30T18:58:05","date_gmt":"2024-09-30T16:58:05","guid":{"rendered":"https:\/\/shoptonmatos.fr\/?post_type=product&#038;p=6100"},"modified":"2025-11-23T15:59:33","modified_gmt":"2025-11-23T14:59:33","slug":"white-soap-pro-125-ml-butt-premium","status":"publish","type":"product","link":"https:\/\/shoptonmatos.fr\/index.php\/produit\/white-soap-pro-125-ml-butt-premium\/","title":{"rendered":"White soap pro 125 ml BUTT premium"},"content":{"rendered":"<p>Le White soap pro, Fabriqu\u00e9 en France, 100% naturel et v\u00e9gane. Test\u00e9 sur peaux sensibles. A base d\u2019Hamam\u00e9lis, cade et lavande fine. Les bienfaits de ces ingr\u00e9dients issus de l\u2019agriculture biologique, pr\u00e9lev\u00e9s \u00e0 la main, vont permettre de r\u00e9duire les rougeurs de par leurs propri\u00e9t\u00e9s anti-inflammatoire, apaisants et protecteur de la peau. Son pH respecte la peau et r\u00e9duira les d\u00e9mangeaisons et tiraillements de la peau. De par sa composition il est un antiseptique naturel.<\/p>\n<p>Il s\u2019utilise,<\/p>\n<p>&#8211; Pendant la s\u00e9ance tattoo : \u00e0 diluer 10-15 pressions pour 500Ml<\/p>\n<p>&#8211; Apr\u00e8s pour la cicatrisation tatouage et piercing.<\/p>\n","protected":false},"excerpt":{"rendered":"<p>Le White soap pro, Fabriqu\u00e9 en France, 100% naturel et v\u00e9gane. Test\u00e9 sur peaux sensibles. A base d\u2019Hamam\u00e9lis, cade et lavande fine. Les bienfaits de ces ingr\u00e9dients issus de l\u2019agriculture biologique, pr\u00e9lev\u00e9s \u00e0 la main, vont permettre de r\u00e9duire les rougeurs de par leurs propri\u00e9t\u00e9s anti-inflammatoire, apaisants et protecteur de la peau. Son pH respecte la peau et r\u00e9duira les d\u00e9mangeaisons et tiraillements de la peau. De par sa composition il est un antiseptique naturel. Il s\u2019utilise, &#8211; Pendant la s\u00e9ance tattoo : \u00e0 diluer 10-15 pressions pour 500Ml &#8211; Apr\u00e8s pour la cicatrisation tatouage et piercing.<\/p>\n","protected":false},"featured_media":6102,"template":"","meta":{"ocean_post_layout":"","ocean_both_sidebars_style":"","ocean_both_sidebars_content_width":0,"ocean_both_sidebars_sidebars_width":0,"ocean_sidebar":"0","ocean_second_sidebar":"0","ocean_disable_margins":"enable","ocean_add_body_class":"","ocean_shortcode_before_top_bar":"","ocean_shortcode_after_top_bar":"","ocean_shortcode_before_header":"","ocean_shortcode_after_header":"","ocean_has_shortcode":"","ocean_shortcode_after_title":"","ocean_shortcode_before_footer_widgets":"","ocean_shortcode_after_footer_widgets":"","ocean_shortcode_before_footer_bottom":"","ocean_shortcode_after_footer_bottom":"","ocean_display_top_bar":"default","ocean_display_header":"default","ocean_header_style":"","ocean_center_header_left_menu":"0","ocean_custom_header_template":"0","ocean_custom_logo":0,"ocean_custom_retina_logo":0,"ocean_custom_logo_max_width":0,"ocean_custom_logo_tablet_max_width":0,"ocean_custom_logo_mobile_max_width":0,"ocean_custom_logo_max_height":0,"ocean_custom_logo_tablet_max_height":0,"ocean_custom_logo_mobile_max_height":0,"ocean_header_custom_menu":"0","ocean_menu_typo_font_family":"0","ocean_menu_typo_font_subset":"","ocean_menu_typo_font_size":0,"ocean_menu_typo_font_size_tablet":0,"ocean_menu_typo_font_size_mobile":0,"ocean_menu_typo_font_size_unit":"px","ocean_menu_typo_font_weight":"","ocean_menu_typo_font_weight_tablet":"","ocean_menu_typo_font_weight_mobile":"","ocean_menu_typo_transform":"","ocean_menu_typo_transform_tablet":"","ocean_menu_typo_transform_mobile":"","ocean_menu_typo_line_height":0,"ocean_menu_typo_line_height_tablet":0,"ocean_menu_typo_line_height_mobile":0,"ocean_menu_typo_line_height_unit":"","ocean_menu_typo_spacing":0,"ocean_menu_typo_spacing_tablet":0,"ocean_menu_typo_spacing_mobile":0,"ocean_menu_typo_spacing_unit":"","ocean_menu_link_color":"","ocean_menu_link_color_hover":"","ocean_menu_link_color_active":"","ocean_menu_link_background":"","ocean_menu_link_hover_background":"","ocean_menu_link_active_background":"","ocean_menu_social_links_bg":"","ocean_menu_social_hover_links_bg":"","ocean_menu_social_links_color":"","ocean_menu_social_hover_links_color":"","ocean_disable_title":"default","ocean_disable_heading":"default","ocean_post_title":"","ocean_post_subheading":"","ocean_post_title_style":"","ocean_post_title_background_color":"","ocean_post_title_background":0,"ocean_post_title_bg_image_position":"","ocean_post_title_bg_image_attachment":"","ocean_post_title_bg_image_repeat":"","ocean_post_title_bg_image_size":"","ocean_post_title_height":0,"ocean_post_title_bg_overlay":0.5,"ocean_post_title_bg_overlay_color":"","ocean_disable_breadcrumbs":"default","ocean_breadcrumbs_color":"","ocean_breadcrumbs_separator_color":"","ocean_breadcrumbs_links_color":"","ocean_breadcrumbs_links_hover_color":"","ocean_display_footer_widgets":"default","ocean_display_footer_bottom":"default","ocean_custom_footer_template":"0"},"product_brand":[],"product_cat":[66],"product_tag":[],"class_list":{"0":"post-6100","1":"product","2":"type-product","3":"status-publish","4":"has-post-thumbnail","6":"product_cat-soins","8":"entry","9":"has-media","11":"first","12":"instock","13":"taxable","14":"shipping-taxable","15":"purchasable","16":"product-type-simple","17":"col","18":"span_1_of_4","19":"owp-content-left","20":"item-entry","21":"owp-thumbs-layout-horizontal","22":"owp-btn-big","23":"owp-tabs-layout-horizontal"},"_links":{"self":[{"href":"https:\/\/shoptonmatos.fr\/index.php\/wp-json\/wp\/v2\/product\/6100","targetHints":{"allow":["GET"]}}],"collection":[{"href":"https:\/\/shoptonmatos.fr\/index.php\/wp-json\/wp\/v2\/product"}],"about":[{"href":"https:\/\/shoptonmatos.fr\/index.php\/wp-json\/wp\/v2\/types\/product"}],"wp:featuredmedia":[{"embeddable":true,"href":"https:\/\/shoptonmatos.fr\/index.php\/wp-json\/wp\/v2\/media\/6102"}],"wp:attachment":[{"href":"https:\/\/shoptonmatos.fr\/index.php\/wp-json\/wp\/v2\/media?parent=6100"}],"wp:term":[{"taxonomy":"product_brand","embeddable":true,"href":"https:\/\/shoptonmatos.fr\/index.php\/wp-json\/wp\/v2\/product_brand?post=6100"},{"taxonomy":"product_cat","embeddable":true,"href":"https:\/\/shoptonmatos.fr\/index.php\/wp-json\/wp\/v2\/product_cat?post=6100"},{"taxonomy":"product_tag","embeddable":true,"href":"https:\/\/shoptonmatos.fr\/index.php\/wp-json\/wp\/v2\/product_tag?post=6100"}],"curies":[{"name":"wp","href":"https:\/\/api.w.org\/{rel}","templated":true}]}}