{"id":2992,"date":"2024-02-26T16:37:10","date_gmt":"2024-02-26T15:37:10","guid":{"rendered":"https:\/\/shoptonmatos.fr\/?post_type=product&#038;p=2992"},"modified":"2025-11-23T15:59:12","modified_gmt":"2025-11-23T14:59:12","slug":"creme-formybiotattoo-50ml","status":"publish","type":"product","link":"https:\/\/shoptonmatos.fr\/index.php\/produit\/creme-formybiotattoo-50ml\/","title":{"rendered":"Cr\u00e8me Formybiotattoo (50ml)"},"content":{"rendered":"<p>Un baume de tatouage bio , vegan , certifi\u00e9 Ecocert , Greenlife et Bio Cosmos .Un baume con\u00e7u pour les tatoueurs professionnels .Sa composition unique \u00e0 base d\u2019huiles essentielles , permet d\u2019apaiser et de pr\u00e9venir les rougeurs pendant et apr\u00e8s la s\u00e9ance de tatouage .C\u2019est un produit con\u00e7u pour traiter et r\u00e9\u00e9quilibrer l\u2019\u00e9piderme, il hydrate et apaise la peau tout en favorisant une cicatrisation optimale. Vous trouverez dans ce baume de nombreuses huiles permettant l\u2019hydratation, comme l\u2019huile de Noix de Coco, de Tournesol mais surtout l\u2019huile de Tamanu, arbre sacr\u00e9 des Marquises qui poss\u00e8de de fortes propri\u00e9t\u00e9s anti microbiennes et cicatrisantes .Ce baume contient \u00e9galement des actifs apaisants puissants qui assainissent et r\u00e9parent la peau, gr\u00e2ce \u00e0 l\u2019association de plusieurs plantes tels que la Candellia , la Camomille et le Candeia , ainsi qu\u2019un d\u00e9riv\u00e9 de Vitamine E . Ce baume est un produit Fran\u00e7ais confectionn\u00e9 en Provence. Il s\u2019agit d\u2019une production \u00e9thique avec 100 % des ingr\u00e9dients d\u2019origine naturelle dont 76,5% issus de l\u2019agriculture naturelle. L\u2019utilisation de ce baume est \u00e0 usage externe. Contenance du pot 50ml.<\/p>\n","protected":false},"excerpt":{"rendered":"<p>cr\u00e8me for my bio tattoo<\/p>\n","protected":false},"featured_media":4192,"template":"","meta":{"ocean_post_layout":"","ocean_both_sidebars_style":"","ocean_both_sidebars_content_width":0,"ocean_both_sidebars_sidebars_width":0,"ocean_sidebar":"0","ocean_second_sidebar":"0","ocean_disable_margins":"enable","ocean_add_body_class":"","ocean_shortcode_before_top_bar":"","ocean_shortcode_after_top_bar":"","ocean_shortcode_before_header":"","ocean_shortcode_after_header":"","ocean_has_shortcode":"","ocean_shortcode_after_title":"","ocean_shortcode_before_footer_widgets":"","ocean_shortcode_after_footer_widgets":"","ocean_shortcode_before_footer_bottom":"","ocean_shortcode_after_footer_bottom":"","ocean_display_top_bar":"default","ocean_display_header":"default","ocean_header_style":"","ocean_center_header_left_menu":"0","ocean_custom_header_template":"0","ocean_custom_logo":0,"ocean_custom_retina_logo":0,"ocean_custom_logo_max_width":0,"ocean_custom_logo_tablet_max_width":0,"ocean_custom_logo_mobile_max_width":0,"ocean_custom_logo_max_height":0,"ocean_custom_logo_tablet_max_height":0,"ocean_custom_logo_mobile_max_height":0,"ocean_header_custom_menu":"0","ocean_menu_typo_font_family":"0","ocean_menu_typo_font_subset":"","ocean_menu_typo_font_size":0,"ocean_menu_typo_font_size_tablet":0,"ocean_menu_typo_font_size_mobile":0,"ocean_menu_typo_font_size_unit":"px","ocean_menu_typo_font_weight":"","ocean_menu_typo_font_weight_tablet":"","ocean_menu_typo_font_weight_mobile":"","ocean_menu_typo_transform":"","ocean_menu_typo_transform_tablet":"","ocean_menu_typo_transform_mobile":"","ocean_menu_typo_line_height":0,"ocean_menu_typo_line_height_tablet":0,"ocean_menu_typo_line_height_mobile":0,"ocean_menu_typo_line_height_unit":"","ocean_menu_typo_spacing":0,"ocean_menu_typo_spacing_tablet":0,"ocean_menu_typo_spacing_mobile":0,"ocean_menu_typo_spacing_unit":"","ocean_menu_link_color":"","ocean_menu_link_color_hover":"","ocean_menu_link_color_active":"","ocean_menu_link_background":"","ocean_menu_link_hover_background":"","ocean_menu_link_active_background":"","ocean_menu_social_links_bg":"","ocean_menu_social_hover_links_bg":"","ocean_menu_social_links_color":"","ocean_menu_social_hover_links_color":"","ocean_disable_title":"default","ocean_disable_heading":"default","ocean_post_title":"","ocean_post_subheading":"","ocean_post_title_style":"","ocean_post_title_background_color":"","ocean_post_title_background":0,"ocean_post_title_bg_image_position":"","ocean_post_title_bg_image_attachment":"","ocean_post_title_bg_image_repeat":"","ocean_post_title_bg_image_size":"","ocean_post_title_height":0,"ocean_post_title_bg_overlay":0,"ocean_post_title_bg_overlay_color":"","ocean_disable_breadcrumbs":"default","ocean_breadcrumbs_color":"","ocean_breadcrumbs_separator_color":"","ocean_breadcrumbs_links_color":"","ocean_breadcrumbs_links_hover_color":"","ocean_display_footer_widgets":"default","ocean_display_footer_bottom":"default","ocean_custom_footer_template":"0"},"product_brand":[],"product_cat":[66],"product_tag":[98],"class_list":{"0":"post-2992","1":"product","2":"type-product","3":"status-publish","4":"has-post-thumbnail","6":"product_cat-soins","7":"product_tag-soins","9":"entry","10":"has-media","12":"first","13":"instock","14":"taxable","15":"shipping-taxable","16":"purchasable","17":"product-type-simple","18":"col","19":"span_1_of_4","20":"owp-content-left","21":"item-entry","22":"owp-thumbs-layout-horizontal","23":"owp-btn-big","24":"owp-tabs-layout-horizontal","25":"has-no-thumbnails"},"_links":{"self":[{"href":"https:\/\/shoptonmatos.fr\/index.php\/wp-json\/wp\/v2\/product\/2992","targetHints":{"allow":["GET"]}}],"collection":[{"href":"https:\/\/shoptonmatos.fr\/index.php\/wp-json\/wp\/v2\/product"}],"about":[{"href":"https:\/\/shoptonmatos.fr\/index.php\/wp-json\/wp\/v2\/types\/product"}],"wp:featuredmedia":[{"embeddable":true,"href":"https:\/\/shoptonmatos.fr\/index.php\/wp-json\/wp\/v2\/media\/4192"}],"wp:attachment":[{"href":"https:\/\/shoptonmatos.fr\/index.php\/wp-json\/wp\/v2\/media?parent=2992"}],"wp:term":[{"taxonomy":"product_brand","embeddable":true,"href":"https:\/\/shoptonmatos.fr\/index.php\/wp-json\/wp\/v2\/product_brand?post=2992"},{"taxonomy":"product_cat","embeddable":true,"href":"https:\/\/shoptonmatos.fr\/index.php\/wp-json\/wp\/v2\/product_cat?post=2992"},{"taxonomy":"product_tag","embeddable":true,"href":"https:\/\/shoptonmatos.fr\/index.php\/wp-json\/wp\/v2\/product_tag?post=2992"}],"curies":[{"name":"wp","href":"https:\/\/api.w.org\/{rel}","templated":true}]}}