{"id":4587,"date":"2024-04-04T14:01:10","date_gmt":"2024-04-04T12:01:10","guid":{"rendered":"https:\/\/shoptonmatos.fr\/?page_id=4587"},"modified":"2024-04-04T15:52:10","modified_gmt":"2024-04-04T13:52:10","slug":"cgv","status":"publish","type":"page","link":"https:\/\/shoptonmatos.fr\/index.php\/cgv\/","title":{"rendered":"CGV."},"content":{"rendered":"\t\t<div data-elementor-type=\"wp-page\" data-elementor-id=\"4587\" class=\"elementor elementor-4587\" data-elementor-post-type=\"page\">\n\t\t\t\t<div class=\"elementor-element elementor-element-a504979 e-flex e-con-boxed wpr-particle-no wpr-jarallax-no wpr-parallax-no wpr-sticky-section-no wpr-equal-height-no e-con e-parent\" data-id=\"a504979\" data-element_type=\"container\" data-e-type=\"container\">\n\t\t\t\t\t<div class=\"e-con-inner\">\n\t\t\t\t<div class=\"elementor-element elementor-element-e8ecd2c wpr-main-menu-align-center wpr-pointer-double-line wpr-sub-icon-angle-down elementor-widget__width-initial wpr-nav-menu-bp-tablet wpr-main-menu-align--tabletleft wpr-main-menu-align--mobileleft wpr-pointer-line-fx wpr-pointer-fx-fade wpr-sub-menu-fx-fade wpr-mobile-menu-full-width wpr-mobile-menu-item-align-center wpr-mobile-toggle-v1 wpr-sub-divider-yes wpr-mobile-divider-yes elementor-widget elementor-widget-wpr-nav-menu\" data-id=\"e8ecd2c\" data-element_type=\"widget\" data-e-type=\"widget\" data-settings=\"{&quot;menu_layout&quot;:&quot;horizontal&quot;}\" data-widget_type=\"wpr-nav-menu.default\">\n\t\t\t\t<div class=\"elementor-widget-container\">\n\t\t\t\t\t<nav class=\"wpr-nav-menu-container wpr-nav-menu-horizontal\" data-trigger=\"hover\" data-consider-header=\"\" data-scroll-speed=\"500\"><ul id=\"menu-1-e8ecd2c\" class=\"wpr-nav-menu\"><li class=\"menu-item menu-item-type-post_type menu-item-object-page menu-item-home menu-item-2520\"><a href=\"https:\/\/shoptonmatos.fr\/\" class=\"wpr-menu-item wpr-pointer-item\"><i class=\"fa fa-home\" aria-hidden=\"true\"><\/i><\/a><\/li>\n<li class=\"menu-item menu-item-type-post_type menu-item-object-page menu-item-6273\"><a href=\"https:\/\/shoptonmatos.fr\/index.php\/crazy-cup\/\" class=\"wpr-menu-item wpr-pointer-item\">Crazy Cup<\/a><\/li>\n<li class=\"menu-item menu-item-type-post_type menu-item-object-page menu-item-2485\"><a href=\"https:\/\/shoptonmatos.fr\/index.php\/aiguilles\/\" class=\"wpr-menu-item wpr-pointer-item\">Cartouches<\/a><\/li>\n<li class=\"menu-item menu-item-type-post_type menu-item-object-page menu-item-2486\"><a href=\"https:\/\/shoptonmatos.fr\/index.php\/encre\/\" class=\"wpr-menu-item wpr-pointer-item\">Encres<\/a><\/li>\n<li class=\"menu-item menu-item-type-post_type menu-item-object-page menu-item-2483\"><a href=\"https:\/\/shoptonmatos.fr\/index.php\/machine-et-equipement\/\" class=\"wpr-menu-item wpr-pointer-item\">Machines et \u00e9quipements<\/a><\/li>\n<li class=\"menu-item menu-item-type-post_type menu-item-object-page menu-item-2484\"><a href=\"https:\/\/shoptonmatos.fr\/index.php\/consommables\/\" class=\"wpr-menu-item wpr-pointer-item\">Consommables<\/a><\/li>\n<li class=\"menu-item menu-item-type-post_type menu-item-object-page menu-item-2481\"><a href=\"https:\/\/shoptonmatos.fr\/index.php\/soins\/\" class=\"wpr-menu-item wpr-pointer-item\">Soins<\/a><\/li>\n<li class=\"menu-item menu-item-type-post_type menu-item-object-page menu-item-2482\"><a href=\"https:\/\/shoptonmatos.fr\/index.php\/hygienes\/\" class=\"wpr-menu-item wpr-pointer-item\">Hygi\u00e8nes<\/a><\/li>\n<li class=\"menu-item menu-item-type-post_type menu-item-object-page menu-item-2480\"><a href=\"https:\/\/shoptonmatos.fr\/index.php\/apprentis\/\" class=\"wpr-menu-item wpr-pointer-item\">Apprentis<\/a><\/li>\n<\/ul><\/nav><nav class=\"wpr-mobile-nav-menu-container\"><div class=\"wpr-mobile-toggle-wrap\"><div class=\"wpr-mobile-toggle\"><span class=\"wpr-mobile-toggle-line\"><\/span><span class=\"wpr-mobile-toggle-line\"><\/span><span class=\"wpr-mobile-toggle-line\"><\/span><\/div><\/div><ul id=\"mobile-menu-2-e8ecd2c\" class=\"wpr-mobile-nav-menu\"><li class=\"menu-item menu-item-type-post_type menu-item-object-page menu-item-home menu-item-2520\"><a href=\"https:\/\/shoptonmatos.fr\/\" class=\"wpr-mobile-menu-item\"><i class=\"fa fa-home\" aria-hidden=\"true\"><\/i><\/a><\/li>\n<li class=\"menu-item menu-item-type-post_type menu-item-object-page menu-item-6273\"><a href=\"https:\/\/shoptonmatos.fr\/index.php\/crazy-cup\/\" class=\"wpr-mobile-menu-item\">Crazy Cup<\/a><\/li>\n<li class=\"menu-item menu-item-type-post_type menu-item-object-page menu-item-2485\"><a href=\"https:\/\/shoptonmatos.fr\/index.php\/aiguilles\/\" class=\"wpr-mobile-menu-item\">Cartouches<\/a><\/li>\n<li class=\"menu-item menu-item-type-post_type menu-item-object-page menu-item-2486\"><a href=\"https:\/\/shoptonmatos.fr\/index.php\/encre\/\" class=\"wpr-mobile-menu-item\">Encres<\/a><\/li>\n<li class=\"menu-item menu-item-type-post_type menu-item-object-page menu-item-2483\"><a href=\"https:\/\/shoptonmatos.fr\/index.php\/machine-et-equipement\/\" class=\"wpr-mobile-menu-item\">Machines et \u00e9quipements<\/a><\/li>\n<li class=\"menu-item menu-item-type-post_type menu-item-object-page menu-item-2484\"><a href=\"https:\/\/shoptonmatos.fr\/index.php\/consommables\/\" class=\"wpr-mobile-menu-item\">Consommables<\/a><\/li>\n<li class=\"menu-item menu-item-type-post_type menu-item-object-page menu-item-2481\"><a href=\"https:\/\/shoptonmatos.fr\/index.php\/soins\/\" class=\"wpr-mobile-menu-item\">Soins<\/a><\/li>\n<li class=\"menu-item menu-item-type-post_type menu-item-object-page menu-item-2482\"><a href=\"https:\/\/shoptonmatos.fr\/index.php\/hygienes\/\" class=\"wpr-mobile-menu-item\">Hygi\u00e8nes<\/a><\/li>\n<li class=\"menu-item menu-item-type-post_type menu-item-object-page menu-item-2480\"><a href=\"https:\/\/shoptonmatos.fr\/index.php\/apprentis\/\" class=\"wpr-mobile-menu-item\">Apprentis<\/a><\/li>\n<\/ul><\/nav>\t\t\t\t<\/div>\n\t\t\t\t<\/div>\n\t\t\t\t\t<\/div>\n\t\t\t\t<\/div>\n\t\t<div class=\"elementor-element elementor-element-7cf1771 e-flex e-con-boxed wpr-particle-no wpr-jarallax-no wpr-parallax-no wpr-sticky-section-no wpr-equal-height-no e-con e-parent\" data-id=\"7cf1771\" data-element_type=\"container\" data-e-type=\"container\">\n\t\t\t\t\t<div class=\"e-con-inner\">\n\t\t\t\t<div class=\"elementor-element elementor-element-e634fe1 elementor-widget elementor-widget-heading\" data-id=\"e634fe1\" data-element_type=\"widget\" data-e-type=\"widget\" data-widget_type=\"heading.default\">\n\t\t\t\t<div class=\"elementor-widget-container\">\n\t\t\t\t\t<h2 class=\"elementor-heading-title elementor-size-default\">CGV.<\/h2>\t\t\t\t<\/div>\n\t\t\t\t<\/div>\n\t\t\t\t\t<\/div>\n\t\t\t\t<\/div>\n\t\t\t\t<\/div>\n\t\t","protected":false},"excerpt":{"rendered":"<p>Cartouches Encres Machines et \u00e9quipements Consommables Soins Hygi\u00e8nes Apprentis Cartouches Encres Machines et \u00e9quipements Consommables Soins Hygi\u00e8nes Apprentis CGV.<\/p>\n","protected":false},"author":1,"featured_media":0,"parent":0,"menu_order":0,"comment_status":"closed","ping_status":"closed","template":"","meta":{"ocean_post_layout":"","ocean_both_sidebars_style":"","ocean_both_sidebars_content_width":0,"ocean_both_sidebars_sidebars_width":0,"ocean_sidebar":"","ocean_second_sidebar":"","ocean_disable_margins":"enable","ocean_add_body_class":"","ocean_shortcode_before_top_bar":"","ocean_shortcode_after_top_bar":"","ocean_shortcode_before_header":"","ocean_shortcode_after_header":"","ocean_has_shortcode":"","ocean_shortcode_after_title":"","ocean_shortcode_before_footer_widgets":"","ocean_shortcode_after_footer_widgets":"","ocean_shortcode_before_footer_bottom":"","ocean_shortcode_after_footer_bottom":"","ocean_display_top_bar":"default","ocean_display_header":"default","ocean_header_style":"","ocean_center_header_left_menu":"","ocean_custom_header_template":"","ocean_custom_logo":0,"ocean_custom_retina_logo":0,"ocean_custom_logo_max_width":0,"ocean_custom_logo_tablet_max_width":0,"ocean_custom_logo_mobile_max_width":0,"ocean_custom_logo_max_height":0,"ocean_custom_logo_tablet_max_height":0,"ocean_custom_logo_mobile_max_height":0,"ocean_header_custom_menu":"","ocean_menu_typo_font_family":"","ocean_menu_typo_font_subset":"","ocean_menu_typo_font_size":0,"ocean_menu_typo_font_size_tablet":0,"ocean_menu_typo_font_size_mobile":0,"ocean_menu_typo_font_size_unit":"px","ocean_menu_typo_font_weight":"","ocean_menu_typo_font_weight_tablet":"","ocean_menu_typo_font_weight_mobile":"","ocean_menu_typo_transform":"","ocean_menu_typo_transform_tablet":"","ocean_menu_typo_transform_mobile":"","ocean_menu_typo_line_height":0,"ocean_menu_typo_line_height_tablet":0,"ocean_menu_typo_line_height_mobile":0,"ocean_menu_typo_line_height_unit":"","ocean_menu_typo_spacing":0,"ocean_menu_typo_spacing_tablet":0,"ocean_menu_typo_spacing_mobile":0,"ocean_menu_typo_spacing_unit":"","ocean_menu_link_color":"","ocean_menu_link_color_hover":"","ocean_menu_link_color_active":"","ocean_menu_link_background":"","ocean_menu_link_hover_background":"","ocean_menu_link_active_background":"","ocean_menu_social_links_bg":"","ocean_menu_social_hover_links_bg":"","ocean_menu_social_links_color":"","ocean_menu_social_hover_links_color":"","ocean_disable_title":"default","ocean_disable_heading":"default","ocean_post_title":"","ocean_post_subheading":"","ocean_post_title_style":"","ocean_post_title_background_color":"","ocean_post_title_background":0,"ocean_post_title_bg_image_position":"","ocean_post_title_bg_image_attachment":"","ocean_post_title_bg_image_repeat":"","ocean_post_title_bg_image_size":"","ocean_post_title_height":0,"ocean_post_title_bg_overlay":0.5,"ocean_post_title_bg_overlay_color":"","ocean_disable_breadcrumbs":"default","ocean_breadcrumbs_color":"","ocean_breadcrumbs_separator_color":"","ocean_breadcrumbs_links_color":"","ocean_breadcrumbs_links_hover_color":"","ocean_display_footer_widgets":"default","ocean_display_footer_bottom":"default","ocean_custom_footer_template":"","footnotes":""},"class_list":["post-4587","page","type-page","status-publish","hentry","entry","owp-thumbs-layout-horizontal","owp-btn-big","owp-tabs-layout-horizontal","has-no-thumbnails"],"_links":{"self":[{"href":"https:\/\/shoptonmatos.fr\/index.php\/wp-json\/wp\/v2\/pages\/4587","targetHints":{"allow":["GET"]}}],"collection":[{"href":"https:\/\/shoptonmatos.fr\/index.php\/wp-json\/wp\/v2\/pages"}],"about":[{"href":"https:\/\/shoptonmatos.fr\/index.php\/wp-json\/wp\/v2\/types\/page"}],"author":[{"embeddable":true,"href":"https:\/\/shoptonmatos.fr\/index.php\/wp-json\/wp\/v2\/users\/1"}],"replies":[{"embeddable":true,"href":"https:\/\/shoptonmatos.fr\/index.php\/wp-json\/wp\/v2\/comments?post=4587"}],"version-history":[{"count":4,"href":"https:\/\/shoptonmatos.fr\/index.php\/wp-json\/wp\/v2\/pages\/4587\/revisions"}],"predecessor-version":[{"id":4597,"href":"https:\/\/shoptonmatos.fr\/index.php\/wp-json\/wp\/v2\/pages\/4587\/revisions\/4597"}],"wp:attachment":[{"href":"https:\/\/shoptonmatos.fr\/index.php\/wp-json\/wp\/v2\/media?parent=4587"}],"curies":[{"name":"wp","href":"https:\/\/api.w.org\/{rel}","templated":true}]}}