{"id":2362,"date":"2023-12-22T15:45:27","date_gmt":"2023-12-22T14:45:27","guid":{"rendered":"https:\/\/rwmbwrb.cluster030.hosting.ovh.net\/?page_id=2362"},"modified":"2024-03-15T11:49:42","modified_gmt":"2024-03-15T10:49:42","slug":"apprentis","status":"publish","type":"page","link":"https:\/\/shoptonmatos.fr\/index.php\/apprentis\/","title":{"rendered":"Apprentis"},"content":{"rendered":"\t\t<div data-elementor-type=\"wp-page\" data-elementor-id=\"2362\" class=\"elementor elementor-2362\" data-elementor-post-type=\"page\">\n\t\t\t\t<div class=\"elementor-element elementor-element-fecc544 e-con-full e-flex wpr-particle-no wpr-jarallax-no wpr-parallax-no wpr-sticky-section-no wpr-equal-height-no e-con e-parent\" data-id=\"fecc544\" data-element_type=\"container\" data-e-type=\"container\">\n\t\t<div class=\"elementor-element elementor-element-ea59a83 e-con-full e-flex wpr-particle-no wpr-jarallax-no wpr-parallax-no wpr-sticky-section-no wpr-equal-height-no e-con e-child\" data-id=\"ea59a83\" data-element_type=\"container\" data-e-type=\"container\">\n\t\t\t\t<div class=\"elementor-element elementor-element-36d5ca4 wpr-main-menu-align-center wpr-pointer-double-line wpr-sub-icon-angle-down elementor-widget__width-initial wpr-nav-menu-bp-tablet wpr-main-menu-align--tabletleft wpr-main-menu-align--mobileleft wpr-pointer-line-fx wpr-pointer-fx-fade wpr-sub-menu-fx-fade wpr-mobile-menu-full-width wpr-mobile-menu-item-align-center wpr-mobile-toggle-v1 wpr-sub-divider-yes wpr-mobile-divider-yes elementor-widget elementor-widget-wpr-nav-menu\" data-id=\"36d5ca4\" data-element_type=\"widget\" data-e-type=\"widget\" data-settings=\"{&quot;menu_layout&quot;:&quot;horizontal&quot;}\" data-widget_type=\"wpr-nav-menu.default\">\n\t\t\t\t<div class=\"elementor-widget-container\">\n\t\t\t\t\t<nav class=\"wpr-nav-menu-container wpr-nav-menu-horizontal\" data-trigger=\"hover\" data-consider-header=\"\" data-scroll-speed=\"500\"><ul id=\"menu-1-36d5ca4\" class=\"wpr-nav-menu\"><li class=\"menu-item menu-item-type-post_type menu-item-object-page menu-item-home menu-item-2520\"><a href=\"https:\/\/shoptonmatos.fr\/\" class=\"wpr-menu-item wpr-pointer-item\"><i class=\"fa fa-home\" aria-hidden=\"true\"><\/i><\/a><\/li>\n<li class=\"menu-item menu-item-type-post_type menu-item-object-page menu-item-6273\"><a href=\"https:\/\/shoptonmatos.fr\/index.php\/crazy-cup\/\" class=\"wpr-menu-item wpr-pointer-item\">Crazy Cup<\/a><\/li>\n<li class=\"menu-item menu-item-type-post_type menu-item-object-page menu-item-2485\"><a href=\"https:\/\/shoptonmatos.fr\/index.php\/aiguilles\/\" class=\"wpr-menu-item wpr-pointer-item\">Cartouches<\/a><\/li>\n<li class=\"menu-item menu-item-type-post_type menu-item-object-page menu-item-2486\"><a href=\"https:\/\/shoptonmatos.fr\/index.php\/encre\/\" class=\"wpr-menu-item wpr-pointer-item\">Encres<\/a><\/li>\n<li class=\"menu-item menu-item-type-post_type menu-item-object-page menu-item-2483\"><a href=\"https:\/\/shoptonmatos.fr\/index.php\/machine-et-equipement\/\" class=\"wpr-menu-item wpr-pointer-item\">Machines et \u00e9quipements<\/a><\/li>\n<li class=\"menu-item menu-item-type-post_type menu-item-object-page menu-item-2484\"><a href=\"https:\/\/shoptonmatos.fr\/index.php\/consommables\/\" class=\"wpr-menu-item wpr-pointer-item\">Consommables<\/a><\/li>\n<li class=\"menu-item menu-item-type-post_type menu-item-object-page menu-item-2481\"><a href=\"https:\/\/shoptonmatos.fr\/index.php\/soins\/\" class=\"wpr-menu-item wpr-pointer-item\">Soins<\/a><\/li>\n<li class=\"menu-item menu-item-type-post_type menu-item-object-page menu-item-2482\"><a href=\"https:\/\/shoptonmatos.fr\/index.php\/hygienes\/\" class=\"wpr-menu-item wpr-pointer-item\">Hygi\u00e8nes<\/a><\/li>\n<li class=\"menu-item menu-item-type-post_type menu-item-object-page menu-item-2480\"><a href=\"https:\/\/shoptonmatos.fr\/index.php\/apprentis\/\" class=\"wpr-menu-item wpr-pointer-item\">Apprentis<\/a><\/li>\n<\/ul><\/nav><nav class=\"wpr-mobile-nav-menu-container\"><div class=\"wpr-mobile-toggle-wrap\"><div class=\"wpr-mobile-toggle\"><span class=\"wpr-mobile-toggle-line\"><\/span><span class=\"wpr-mobile-toggle-line\"><\/span><span class=\"wpr-mobile-toggle-line\"><\/span><\/div><\/div><ul id=\"mobile-menu-2-36d5ca4\" class=\"wpr-mobile-nav-menu\"><li class=\"menu-item menu-item-type-post_type menu-item-object-page menu-item-home menu-item-2520\"><a href=\"https:\/\/shoptonmatos.fr\/\" class=\"wpr-mobile-menu-item\"><i class=\"fa fa-home\" aria-hidden=\"true\"><\/i><\/a><\/li>\n<li class=\"menu-item menu-item-type-post_type menu-item-object-page menu-item-6273\"><a href=\"https:\/\/shoptonmatos.fr\/index.php\/crazy-cup\/\" class=\"wpr-mobile-menu-item\">Crazy Cup<\/a><\/li>\n<li class=\"menu-item menu-item-type-post_type menu-item-object-page menu-item-2485\"><a href=\"https:\/\/shoptonmatos.fr\/index.php\/aiguilles\/\" class=\"wpr-mobile-menu-item\">Cartouches<\/a><\/li>\n<li class=\"menu-item menu-item-type-post_type menu-item-object-page menu-item-2486\"><a href=\"https:\/\/shoptonmatos.fr\/index.php\/encre\/\" class=\"wpr-mobile-menu-item\">Encres<\/a><\/li>\n<li class=\"menu-item menu-item-type-post_type menu-item-object-page menu-item-2483\"><a href=\"https:\/\/shoptonmatos.fr\/index.php\/machine-et-equipement\/\" class=\"wpr-mobile-menu-item\">Machines et \u00e9quipements<\/a><\/li>\n<li class=\"menu-item menu-item-type-post_type menu-item-object-page menu-item-2484\"><a href=\"https:\/\/shoptonmatos.fr\/index.php\/consommables\/\" class=\"wpr-mobile-menu-item\">Consommables<\/a><\/li>\n<li class=\"menu-item menu-item-type-post_type menu-item-object-page menu-item-2481\"><a href=\"https:\/\/shoptonmatos.fr\/index.php\/soins\/\" class=\"wpr-mobile-menu-item\">Soins<\/a><\/li>\n<li class=\"menu-item menu-item-type-post_type menu-item-object-page menu-item-2482\"><a href=\"https:\/\/shoptonmatos.fr\/index.php\/hygienes\/\" class=\"wpr-mobile-menu-item\">Hygi\u00e8nes<\/a><\/li>\n<li class=\"menu-item menu-item-type-post_type menu-item-object-page menu-item-2480\"><a href=\"https:\/\/shoptonmatos.fr\/index.php\/apprentis\/\" class=\"wpr-mobile-menu-item\">Apprentis<\/a><\/li>\n<\/ul><\/nav>\t\t\t\t<\/div>\n\t\t\t\t<\/div>\n\t\t\t\t<\/div>\n\t\t\t\t<\/div>\n\t\t<div class=\"elementor-element elementor-element-e52d92d e-flex e-con-boxed wpr-particle-no wpr-jarallax-no wpr-parallax-no wpr-sticky-section-no wpr-equal-height-no e-con e-child\" data-id=\"e52d92d\" data-element_type=\"container\" data-e-type=\"container\">\n\t\t\t\t\t<div class=\"e-con-inner\">\n\t\t\t\t<div class=\"elementor-element elementor-element-535cdb3 elementor-widget elementor-widget-heading\" data-id=\"535cdb3\" data-element_type=\"widget\" data-e-type=\"widget\" data-widget_type=\"heading.default\">\n\t\t\t\t<div class=\"elementor-widget-container\">\n\t\t\t\t\t<h2 class=\"elementor-heading-title elementor-size-default\">apprentis<\/h2>\t\t\t\t<\/div>\n\t\t\t\t<\/div>\n\t\t\t\t<div class=\"elementor-element elementor-element-7ed8b99 elementor-invisible elementor-widget elementor-widget-heading\" data-id=\"7ed8b99\" data-element_type=\"widget\" data-e-type=\"widget\" data-settings=\"{&quot;_animation&quot;:&quot;fadeIn&quot;}\" data-widget_type=\"heading.default\">\n\t\t\t\t<div class=\"elementor-widget-container\">\n\t\t\t\t\t<h2 class=\"elementor-heading-title elementor-size-default\">Categorie<\/h2>\t\t\t\t<\/div>\n\t\t\t\t<\/div>\n\t\t\t\t<div class=\"elementor-element elementor-element-8e753d4 elementor-widget-divider--view-line elementor-invisible elementor-widget elementor-widget-divider\" data-id=\"8e753d4\" data-element_type=\"widget\" data-e-type=\"widget\" data-settings=\"{&quot;_animation&quot;:&quot;slideInRight&quot;}\" data-widget_type=\"divider.default\">\n\t\t\t\t<div class=\"elementor-widget-container\">\n\t\t\t\t\t\t\t<div class=\"elementor-divider\">\n\t\t\t<span class=\"elementor-divider-separator\">\n\t\t\t\t\t\t<\/span>\n\t\t<\/div>\n\t\t\t\t\t\t<\/div>\n\t\t\t\t<\/div>\n\t\t\t\t\t<\/div>\n\t\t\t\t<\/div>\n\t\t<div class=\"elementor-element elementor-element-b969aea e-flex e-con-boxed wpr-particle-no wpr-jarallax-no wpr-parallax-no wpr-sticky-section-no wpr-equal-height-no e-con e-parent\" data-id=\"b969aea\" data-element_type=\"container\" data-e-type=\"container\">\n\t\t\t\t\t<div class=\"e-con-inner\">\n\t\t\t\t<div class=\"elementor-element elementor-element-c888d9e elementor-widget elementor-widget-shortcode\" data-id=\"c888d9e\" data-element_type=\"widget\" data-e-type=\"widget\" data-widget_type=\"shortcode.default\">\n\t\t\t\t<div class=\"elementor-widget-container\">\n\t\t\t\t\t\t\t<div class=\"elementor-shortcode\"><div class=\"woocommerce columns-4 \"><div class=\"woocommerce-notices-wrapper\"><\/div><div class=\"oceanwp-toolbar clr\"><form class=\"woocommerce-ordering\" method=\"get\">\n\t\t<select\n\t\tname=\"orderby\"\n\t\tclass=\"orderby\"\n\t\t\t\t\taria-label=\"Commande\"\n\t\t\t>\n\t\t\t\t\t<option value=\"menu_order\"  selected='selected'>Tri par d\u00e9faut<\/option>\n\t\t\t\t\t<option value=\"popularity\" >Tri par popularit\u00e9<\/option>\n\t\t\t\t\t<option value=\"date\" >Tri du plus r\u00e9cent au plus ancien<\/option>\n\t\t\t\t\t<option value=\"price\" >Tri par tarif croissant<\/option>\n\t\t\t\t\t<option value=\"price-desc\" >Tri par tarif d\u00e9croissant<\/option>\n\t\t\t<\/select>\n\t<input type=\"hidden\" name=\"paged\" value=\"1\" \/>\n\t<\/form>\n<\/div>\r\n<ul class=\"products oceanwp-row clr grid tablet-col tablet-2-col mobile-col mobile-1-col infinite-scroll-wrap\">\r\n<li class=\"entry has-media col span_1_of_4 owp-content-left item-entry owp-thumbs-layout-horizontal owp-btn-big owp-tabs-layout-horizontal product type-product post-5353 status-publish first outofstock product_cat-apprentis product_cat-machines-et-equipement product_cat-machines-et-equipements has-post-thumbnail taxable shipping-taxable purchasable product-type-simple\">\n\t<div class=\"product-inner clr\">\r\n\t<div class=\"woo-entry-image-swap woo-entry-image clr\">\r\n\t\t<a href=\"https:\/\/shoptonmatos.fr\/index.php\/produit\/machine-a-tatouer-ez-sans-fil\/\" class=\"woocommerce-LoopProduct-link\"><img fetchpriority=\"high\" decoding=\"async\" width=\"560\" height=\"560\" src=\"https:\/\/shoptonmatos.fr\/wp-content\/uploads\/2024\/05\/IMG_3663-removebg-560x560.png\" class=\"woo-entry-image-main\" alt=\"Machine \u00e0 tatouer EZ sans fil\" itemprop=\"image\" srcset=\"https:\/\/shoptonmatos.fr\/wp-content\/uploads\/2024\/05\/IMG_3663-removebg-560x560.png 560w, https:\/\/shoptonmatos.fr\/wp-content\/uploads\/2024\/05\/IMG_3663-removebg-600x600.png 600w, https:\/\/shoptonmatos.fr\/wp-content\/uploads\/2024\/05\/IMG_3663-removebg-100x100.png 100w\" sizes=\"(max-width: 560px) 100vw, 560px\" \/><img decoding=\"async\" width=\"560\" height=\"560\" src=\"https:\/\/shoptonmatos.fr\/wp-content\/uploads\/2024\/05\/IMG_3664-ai-brush-removebg-j12azzv6-560x560.png\" class=\"woo-entry-image-secondary\" alt=\"Machine \u00e0 tatouer EZ sans fil\" itemprop=\"image\" srcset=\"https:\/\/shoptonmatos.fr\/wp-content\/uploads\/2024\/05\/IMG_3664-ai-brush-removebg-j12azzv6-560x560.png 560w, https:\/\/shoptonmatos.fr\/wp-content\/uploads\/2024\/05\/IMG_3664-ai-brush-removebg-j12azzv6-600x600.png 600w, https:\/\/shoptonmatos.fr\/wp-content\/uploads\/2024\/05\/IMG_3664-ai-brush-removebg-j12azzv6-100x100.png 100w\" sizes=\"(max-width: 560px) 100vw, 560px\" \/><\/a><a href=\"#\" id=\"product_id_5353\" class=\"owp-quick-view\" data-product_id=\"5353\" aria-label=\"Pr\u00e9visualiser rapidement le produit Machine \u00e0 tatouer EZ sans fil\"><i class=\" icon-eye\" aria-hidden=\"true\" role=\"img\"><\/i> Vue rapide<\/a>\t<\/div><!-- .woo-entry-image-swap -->\r\n\r\n<ul class=\"woo-entry-inner clr\"><li class=\"image-wrap\">\t\t\t\t<div class=\"outofstock-badge\">\n\t\t\t\t\t\u00c9puis\u00e9\t\t\t\t<\/div><!-- .product-entry-out-of-stock-badge -->\n\t\t\t\t\r\n\t<div class=\"woo-entry-image-swap woo-entry-image clr\">\r\n\t\t<a href=\"https:\/\/shoptonmatos.fr\/index.php\/produit\/machine-a-tatouer-ez-sans-fil\/\" class=\"woocommerce-LoopProduct-link\"><img fetchpriority=\"high\" decoding=\"async\" width=\"560\" height=\"560\" src=\"https:\/\/shoptonmatos.fr\/wp-content\/uploads\/2024\/05\/IMG_3663-removebg-560x560.png\" class=\"woo-entry-image-main\" alt=\"Machine \u00e0 tatouer EZ sans fil\" itemprop=\"image\" srcset=\"https:\/\/shoptonmatos.fr\/wp-content\/uploads\/2024\/05\/IMG_3663-removebg-560x560.png 560w, https:\/\/shoptonmatos.fr\/wp-content\/uploads\/2024\/05\/IMG_3663-removebg-600x600.png 600w, https:\/\/shoptonmatos.fr\/wp-content\/uploads\/2024\/05\/IMG_3663-removebg-100x100.png 100w\" sizes=\"(max-width: 560px) 100vw, 560px\" \/><img decoding=\"async\" width=\"560\" height=\"560\" src=\"https:\/\/shoptonmatos.fr\/wp-content\/uploads\/2024\/05\/IMG_3664-ai-brush-removebg-j12azzv6-560x560.png\" class=\"woo-entry-image-secondary\" alt=\"Machine \u00e0 tatouer EZ sans fil\" itemprop=\"image\" srcset=\"https:\/\/shoptonmatos.fr\/wp-content\/uploads\/2024\/05\/IMG_3664-ai-brush-removebg-j12azzv6-560x560.png 560w, https:\/\/shoptonmatos.fr\/wp-content\/uploads\/2024\/05\/IMG_3664-ai-brush-removebg-j12azzv6-600x600.png 600w, https:\/\/shoptonmatos.fr\/wp-content\/uploads\/2024\/05\/IMG_3664-ai-brush-removebg-j12azzv6-100x100.png 100w\" sizes=\"(max-width: 560px) 100vw, 560px\" \/><\/a><a href=\"#\" id=\"product_id_5353\" class=\"owp-quick-view\" data-product_id=\"5353\" aria-label=\"Pr\u00e9visualiser rapidement le produit Machine \u00e0 tatouer EZ sans fil\"><i class=\" icon-eye\" aria-hidden=\"true\" role=\"img\"><\/i> Vue rapide<\/a>\t<\/div><!-- .woo-entry-image-swap -->\r\n\r\n<\/li><li class=\"category\"><a href=\"https:\/\/shoptonmatos.fr\/index.php\/categorie-produit\/apprentis\/\" rel=\"tag\">Apprentis<\/a>, <a href=\"https:\/\/shoptonmatos.fr\/index.php\/categorie-produit\/machines-et-equipement\/\" rel=\"tag\">Machines et \u00e9quipement<\/a>, <a href=\"https:\/\/shoptonmatos.fr\/index.php\/categorie-produit\/machines-et-equipements\/\" rel=\"tag\">Machines et \u00e9quipements<\/a><\/li><li class=\"title\"><h2><a href=\"https:\/\/shoptonmatos.fr\/index.php\/produit\/machine-a-tatouer-ez-sans-fil\/\">Machine \u00e0 tatouer EZ sans fil<\/a><\/h2><\/li><li class=\"price-wrap\">\n\t<span class=\"price\"><span class=\"woocommerce-Price-amount amount\"><bdi>250,00&nbsp;<span class=\"woocommerce-Price-currencySymbol\">&euro;<\/span><\/bdi><\/span> <small class=\"woocommerce-price-suffix\">(Prix HT: <span class=\"woocommerce-Price-amount amount\"><bdi>208,33&nbsp;<span class=\"woocommerce-Price-currencySymbol\">&euro;<\/span><\/bdi><\/span>)<\/small><\/span>\n<\/li><li class=\"rating\"><\/li><li class=\"btn-wrap clr\"><a href=\"https:\/\/shoptonmatos.fr\/index.php\/produit\/machine-a-tatouer-ez-sans-fil\/\" aria-describedby=\"woocommerce_loop_add_to_cart_link_describedby_5353\" data-quantity=\"1\" class=\"button product_type_simple\" data-product_id=\"5353\" data-product_sku=\"\" aria-label=\"En savoir plus sur &ldquo;Machine \u00e0 tatouer EZ sans fil&rdquo;\" rel=\"nofollow\" data-success_message=\"\">Lire la suite<\/a>\t<span id=\"woocommerce_loop_add_to_cart_link_describedby_5353\" class=\"screen-reader-text\">\n\t\t\t<\/span>\n<\/li><\/ul><\/div><!-- .product-inner .clr --><\/li>\n<li class=\"entry has-media col span_1_of_4 owp-content-left item-entry owp-thumbs-layout-horizontal owp-btn-big owp-tabs-layout-horizontal has-no-thumbnails product type-product post-6021 status-publish outofstock product_cat-apprentis has-post-thumbnail taxable shipping-taxable purchasable product-type-simple\">\n\t<div class=\"product-inner clr\">\r\n\t<div class=\"woo-entry-image clr\">\r\n\t\t<a href=\"https:\/\/shoptonmatos.fr\/index.php\/produit\/encre-a-dessin-eternal-ink-white30ml\/\" class=\"woocommerce-LoopProduct-link\"><img decoding=\"async\" width=\"560\" height=\"560\" src=\"https:\/\/shoptonmatos.fr\/wp-content\/uploads\/2024\/08\/IMG_5025-removebg-1-560x560.png\" class=\"woo-entry-image-main\" alt=\"Encre \u00e0 dessin Eternal ink \u00ab\u00a0White\u00a0\u00bb30ml\" itemprop=\"image\" srcset=\"https:\/\/shoptonmatos.fr\/wp-content\/uploads\/2024\/08\/IMG_5025-removebg-1-560x560.png 560w, https:\/\/shoptonmatos.fr\/wp-content\/uploads\/2024\/08\/IMG_5025-removebg-1-600x600.png 600w, https:\/\/shoptonmatos.fr\/wp-content\/uploads\/2024\/08\/IMG_5025-removebg-1-100x100.png 100w\" sizes=\"(max-width: 560px) 100vw, 560px\" \/><\/a><a href=\"#\" id=\"product_id_6021\" class=\"owp-quick-view\" data-product_id=\"6021\" aria-label=\"Pr\u00e9visualiser rapidement le produit Encre \u00e0 dessin Eternal ink \"White\"30ml\"><i class=\" icon-eye\" aria-hidden=\"true\" role=\"img\"><\/i> Vue rapide<\/a>\t<\/div><!-- .woo-entry-image -->\r\n\r\n<ul class=\"woo-entry-inner clr\"><li class=\"image-wrap\">\t\t\t\t<div class=\"outofstock-badge\">\n\t\t\t\t\t\u00c9puis\u00e9\t\t\t\t<\/div><!-- .product-entry-out-of-stock-badge -->\n\t\t\t\t\r\n\t<div class=\"woo-entry-image clr\">\r\n\t\t<a href=\"https:\/\/shoptonmatos.fr\/index.php\/produit\/encre-a-dessin-eternal-ink-white30ml\/\" class=\"woocommerce-LoopProduct-link\"><img decoding=\"async\" width=\"560\" height=\"560\" src=\"https:\/\/shoptonmatos.fr\/wp-content\/uploads\/2024\/08\/IMG_5025-removebg-1-560x560.png\" class=\"woo-entry-image-main\" alt=\"Encre \u00e0 dessin Eternal ink \u00ab\u00a0White\u00a0\u00bb30ml\" itemprop=\"image\" srcset=\"https:\/\/shoptonmatos.fr\/wp-content\/uploads\/2024\/08\/IMG_5025-removebg-1-560x560.png 560w, https:\/\/shoptonmatos.fr\/wp-content\/uploads\/2024\/08\/IMG_5025-removebg-1-600x600.png 600w, https:\/\/shoptonmatos.fr\/wp-content\/uploads\/2024\/08\/IMG_5025-removebg-1-100x100.png 100w\" sizes=\"(max-width: 560px) 100vw, 560px\" \/><\/a><a href=\"#\" id=\"product_id_6021\" class=\"owp-quick-view\" data-product_id=\"6021\" aria-label=\"Pr\u00e9visualiser rapidement le produit Encre \u00e0 dessin Eternal ink \"White\"30ml\"><i class=\" icon-eye\" aria-hidden=\"true\" role=\"img\"><\/i> Vue rapide<\/a>\t<\/div><!-- .woo-entry-image -->\r\n\r\n<\/li><li class=\"category\"><a href=\"https:\/\/shoptonmatos.fr\/index.php\/categorie-produit\/apprentis\/\" rel=\"tag\">Apprentis<\/a><\/li><li class=\"title\"><h2><a href=\"https:\/\/shoptonmatos.fr\/index.php\/produit\/encre-a-dessin-eternal-ink-white30ml\/\">Encre \u00e0 dessin Eternal ink \u00ab\u00a0White\u00a0\u00bb30ml<\/a><\/h2><\/li><li class=\"price-wrap\">\n\t<span class=\"price\"><span class=\"woocommerce-Price-amount amount\"><bdi>15,00&nbsp;<span class=\"woocommerce-Price-currencySymbol\">&euro;<\/span><\/bdi><\/span> <small class=\"woocommerce-price-suffix\">(Prix HT: <span class=\"woocommerce-Price-amount amount\"><bdi>12,50&nbsp;<span class=\"woocommerce-Price-currencySymbol\">&euro;<\/span><\/bdi><\/span>)<\/small><\/span>\n<\/li><li class=\"rating\"><\/li><li class=\"btn-wrap clr\"><a href=\"https:\/\/shoptonmatos.fr\/index.php\/produit\/encre-a-dessin-eternal-ink-white30ml\/\" aria-describedby=\"woocommerce_loop_add_to_cart_link_describedby_6021\" data-quantity=\"1\" class=\"button product_type_simple\" data-product_id=\"6021\" data-product_sku=\"\" aria-label=\"En savoir plus sur &ldquo;Encre \u00e0 dessin Eternal ink &quot;White&quot;30ml&rdquo;\" rel=\"nofollow\" data-success_message=\"\">Lire la suite<\/a>\t<span id=\"woocommerce_loop_add_to_cart_link_describedby_6021\" class=\"screen-reader-text\">\n\t\t\t<\/span>\n<\/li><\/ul><\/div><!-- .product-inner .clr --><\/li>\n<\/ul>\n<\/div><\/div>\n\t\t\t\t\t\t<\/div>\n\t\t\t\t<\/div>\n\t\t\t\t\t<\/div>\n\t\t\t\t<\/div>\n\t\t\t\t<\/div>\n\t\t","protected":false},"excerpt":{"rendered":"<p>Cartouches Encres Machines et \u00e9quipements Consommables Soins Hygi\u00e8nes Apprentis Cartouches Encres Machines et \u00e9quipements Consommables Soins Hygi\u00e8nes Apprentis apprentis Categorie<\/p>\n","protected":false},"author":1,"featured_media":0,"parent":0,"menu_order":0,"comment_status":"closed","ping_status":"closed","template":"","meta":{"ocean_post_layout":"","ocean_both_sidebars_style":"","ocean_both_sidebars_content_width":0,"ocean_both_sidebars_sidebars_width":0,"ocean_sidebar":"","ocean_second_sidebar":"","ocean_disable_margins":"enable","ocean_add_body_class":"","ocean_shortcode_before_top_bar":"","ocean_shortcode_after_top_bar":"","ocean_shortcode_before_header":"","ocean_shortcode_after_header":"","ocean_has_shortcode":"","ocean_shortcode_after_title":"","ocean_shortcode_before_footer_widgets":"","ocean_shortcode_after_footer_widgets":"","ocean_shortcode_before_footer_bottom":"","ocean_shortcode_after_footer_bottom":"","ocean_display_top_bar":"default","ocean_display_header":"default","ocean_header_style":"","ocean_center_header_left_menu":"","ocean_custom_header_template":"","ocean_custom_logo":0,"ocean_custom_retina_logo":0,"ocean_custom_logo_max_width":0,"ocean_custom_logo_tablet_max_width":0,"ocean_custom_logo_mobile_max_width":0,"ocean_custom_logo_max_height":0,"ocean_custom_logo_tablet_max_height":0,"ocean_custom_logo_mobile_max_height":0,"ocean_header_custom_menu":"","ocean_menu_typo_font_family":"","ocean_menu_typo_font_subset":"","ocean_menu_typo_font_size":0,"ocean_menu_typo_font_size_tablet":0,"ocean_menu_typo_font_size_mobile":0,"ocean_menu_typo_font_size_unit":"px","ocean_menu_typo_font_weight":"","ocean_menu_typo_font_weight_tablet":"","ocean_menu_typo_font_weight_mobile":"","ocean_menu_typo_transform":"","ocean_menu_typo_transform_tablet":"","ocean_menu_typo_transform_mobile":"","ocean_menu_typo_line_height":0,"ocean_menu_typo_line_height_tablet":0,"ocean_menu_typo_line_height_mobile":0,"ocean_menu_typo_line_height_unit":"","ocean_menu_typo_spacing":0,"ocean_menu_typo_spacing_tablet":0,"ocean_menu_typo_spacing_mobile":0,"ocean_menu_typo_spacing_unit":"","ocean_menu_link_color":"","ocean_menu_link_color_hover":"","ocean_menu_link_color_active":"","ocean_menu_link_background":"","ocean_menu_link_hover_background":"","ocean_menu_link_active_background":"","ocean_menu_social_links_bg":"","ocean_menu_social_hover_links_bg":"","ocean_menu_social_links_color":"","ocean_menu_social_hover_links_color":"","ocean_disable_title":"default","ocean_disable_heading":"default","ocean_post_title":"","ocean_post_subheading":"","ocean_post_title_style":"","ocean_post_title_background_color":"","ocean_post_title_background":0,"ocean_post_title_bg_image_position":"","ocean_post_title_bg_image_attachment":"","ocean_post_title_bg_image_repeat":"","ocean_post_title_bg_image_size":"","ocean_post_title_height":0,"ocean_post_title_bg_overlay":0.5,"ocean_post_title_bg_overlay_color":"","ocean_disable_breadcrumbs":"default","ocean_breadcrumbs_color":"","ocean_breadcrumbs_separator_color":"","ocean_breadcrumbs_links_color":"","ocean_breadcrumbs_links_hover_color":"","ocean_display_footer_widgets":"default","ocean_display_footer_bottom":"default","ocean_custom_footer_template":"","footnotes":""},"class_list":["post-2362","page","type-page","status-publish","hentry","entry","owp-thumbs-layout-horizontal","owp-btn-big","owp-tabs-layout-horizontal","has-no-thumbnails"],"_links":{"self":[{"href":"https:\/\/shoptonmatos.fr\/index.php\/wp-json\/wp\/v2\/pages\/2362","targetHints":{"allow":["GET"]}}],"collection":[{"href":"https:\/\/shoptonmatos.fr\/index.php\/wp-json\/wp\/v2\/pages"}],"about":[{"href":"https:\/\/shoptonmatos.fr\/index.php\/wp-json\/wp\/v2\/types\/page"}],"author":[{"embeddable":true,"href":"https:\/\/shoptonmatos.fr\/index.php\/wp-json\/wp\/v2\/users\/1"}],"replies":[{"embeddable":true,"href":"https:\/\/shoptonmatos.fr\/index.php\/wp-json\/wp\/v2\/comments?post=2362"}],"version-history":[{"count":28,"href":"https:\/\/shoptonmatos.fr\/index.php\/wp-json\/wp\/v2\/pages\/2362\/revisions"}],"predecessor-version":[{"id":4401,"href":"https:\/\/shoptonmatos.fr\/index.php\/wp-json\/wp\/v2\/pages\/2362\/revisions\/4401"}],"wp:attachment":[{"href":"https:\/\/shoptonmatos.fr\/index.php\/wp-json\/wp\/v2\/media?parent=2362"}],"curies":[{"name":"wp","href":"https:\/\/api.w.org\/{rel}","templated":true}]}}